{"id":1777,"date":"2025-11-12T23:43:24","date_gmt":"2025-11-13T02:43:24","guid":{"rendered":"https:\/\/editorabelieve.com.br\/?post_type=product&#038;p=1777"},"modified":"2025-11-12T23:43:24","modified_gmt":"2025-11-13T02:43:24","slug":"a-forca-para-vencer","status":"publish","type":"product","link":"https:\/\/editorabelieve.com.br\/index.php\/produto\/a-forca-para-vencer\/","title":{"rendered":"A For\u00e7a Para Vencer"},"content":{"rendered":"","protected":false},"excerpt":{"rendered":"<p>A For\u00e7a Para Vencer &#8211;<br \/>\nAutora: Sandra Almeida<br \/>\nP\u00e1ginas: 84<br \/>\nISBN: 978-65-01-77867-9<\/p>\n<p class=\"cvGsUA direction-ltr align-center para-style-body\"><span class=\"a_GcMg font-feature-liga-off font-feature-clig-off font-feature-calt-off text-decoration-none text-strikethrough-none\">Do sert\u00e3o do Cear\u00e1 ao sucesso empresarial no Rio de Janeiro, Sandra Almeida construiu muito mais que\u00a0<\/span><span class=\"a_GcMg font-feature-liga-off font-feature-clig-off font-feature-calt-off text-decoration-none text-strikethrough-none\">um neg\u00f3cio \u2014 ela edificou uma hist\u00f3ria de f\u00e9,\u00a0<\/span><span class=\"a_GcMg font-feature-liga-off font-feature-clig-off font-feature-calt-off text-decoration-none text-strikethrough-none\">supera\u00e7\u00e3o e prop\u00f3sito.<\/span><\/p>\n<p class=\"cvGsUA direction-ltr align-center para-style-body\"><span class=\"a_GcMg font-feature-liga-off font-feature-clig-off font-feature-calt-off text-decoration-none text-strikethrough-none\">Com coragem, resili\u00eancia e confian\u00e7a em Deus, transformou uma simples rescis\u00e3o em um grupo s\u00f3lido e respeitado, inspirando todos ao seu redor a acreditarem que \u00e9 poss\u00edvel recome\u00e7ar.<\/span><\/p>\n<p class=\"cvGsUA direction-ltr align-center para-style-body\"><span class=\"a_GcMg font-feature-liga-off font-feature-clig-off font-feature-calt-off text-decoration-none text-strikethrough-none\">Em A For\u00e7a para Vencer, Sandra compartilha os bastidores de sua jornada e as li\u00e7\u00f5es que a<\/span><span class=\"a_GcMg font-feature-liga-off font-feature-clig-off font-feature-calt-off text-decoration-none text-strikethrough-none\">prendeu ao longo de mais de 30 anos de empreendedorismo. Sua hist\u00f3ria mostra que o verdadeiro sucesso n\u00e3o est\u00e1 apenas nos resultados, mas na capacidade de servir, liderar e crescer com prop\u00f3sito.<\/span><\/p>\n<p class=\"cvGsUA direction-ltr align-center para-style-body\"><span class=\"a_GcMg font-feature-liga-off font-feature-clig-off font-feature-calt-off text-decoration-none text-strikethrough-none\">Mais do que um relato de conquistas, este livro \u00e9 um convite para quem deseja transformar desafios em oportunidades e descobrir que, quando a f\u00e9 se torna alicerce, nenhum sonho \u00e9 pequeno demais para se realizar.<\/span><\/p>\n","protected":false},"featured_media":1778,"comment_status":"open","ping_status":"closed","template":"","meta":{"om_disable_all_campaigns":false,"_monsterinsights_skip_tracking":false,"_monsterinsights_sitenote_active":false,"_monsterinsights_sitenote_note":"","_monsterinsights_sitenote_category":0,"_kadence_starter_templates_imported_post":false,"_kad_post_transparent":"default","_kad_post_title":"","_kad_post_layout":"default","_kad_post_sidebar_id":"","_kad_post_content_style":"default","_kad_post_vertical_padding":"default","_kad_post_feature":"","_kad_post_feature_position":"","_kad_post_header":false,"_kad_post_footer":false,"_kad_post_classname":""},"product_brand":[],"product_cat":[20],"product_tag":[],"class_list":{"0":"post-1777","1":"product","2":"type-product","3":"status-publish","4":"has-post-thumbnail","6":"product_cat-livros","8":"first","9":"instock","10":"shipping-taxable","11":"purchasable","12":"product-type-simple","13":"entry","14":"content-bg","15":"loop-entry"},"aioseo_notices":[],"_links":{"self":[{"href":"https:\/\/editorabelieve.com.br\/index.php\/wp-json\/wp\/v2\/product\/1777","targetHints":{"allow":["GET"]}}],"collection":[{"href":"https:\/\/editorabelieve.com.br\/index.php\/wp-json\/wp\/v2\/product"}],"about":[{"href":"https:\/\/editorabelieve.com.br\/index.php\/wp-json\/wp\/v2\/types\/product"}],"replies":[{"embeddable":true,"href":"https:\/\/editorabelieve.com.br\/index.php\/wp-json\/wp\/v2\/comments?post=1777"}],"wp:featuredmedia":[{"embeddable":true,"href":"https:\/\/editorabelieve.com.br\/index.php\/wp-json\/wp\/v2\/media\/1778"}],"wp:attachment":[{"href":"https:\/\/editorabelieve.com.br\/index.php\/wp-json\/wp\/v2\/media?parent=1777"}],"wp:term":[{"taxonomy":"product_brand","embeddable":true,"href":"https:\/\/editorabelieve.com.br\/index.php\/wp-json\/wp\/v2\/product_brand?post=1777"},{"taxonomy":"product_cat","embeddable":true,"href":"https:\/\/editorabelieve.com.br\/index.php\/wp-json\/wp\/v2\/product_cat?post=1777"},{"taxonomy":"product_tag","embeddable":true,"href":"https:\/\/editorabelieve.com.br\/index.php\/wp-json\/wp\/v2\/product_tag?post=1777"}],"curies":[{"name":"wp","href":"https:\/\/api.w.org\/{rel}","templated":true}]}}