{"id":1768,"date":"2025-09-28T22:19:47","date_gmt":"2025-09-29T01:19:47","guid":{"rendered":"https:\/\/editorabelieve.com.br\/?post_type=product&#038;p=1768"},"modified":"2025-09-28T22:19:47","modified_gmt":"2025-09-29T01:19:47","slug":"amizade-um-presente-de-deus","status":"publish","type":"product","link":"https:\/\/editorabelieve.com.br\/index.php\/produto\/amizade-um-presente-de-deus\/","title":{"rendered":"Amizade: Um Presente de Deus!"},"content":{"rendered":"","protected":false},"excerpt":{"rendered":"<p>Amizade: Um Presente de Deus!<\/p>\n<p>Autora: Veronica Lyra<br \/>\nP\u00e1ginas: 82<br \/>\nISBN: <a href=\"https:\/\/www.cblservicos.org.br\/servicos\/meus-livros\/visualizar\/?id=81f97634-85db-ef11-a730-002248dec1fe\">978-65-01-32235-3<\/a><\/p>\n<p class=\"cvGsUA direction-ltr align-center para-style-body\"><span class=\"a_GcMg font-feature-liga-off font-feature-clig-off font-feature-calt-off text-decoration-none text-strikethrough-none\">Voc\u00ea j\u00e1 teve um amigo que brinca com voc\u00ea, divide o lanche e nunca te deixa sozinho?<br \/>\n<\/span><span class=\"a_GcMg font-feature-liga-off font-feature-clig-off font-feature-calt-off text-decoration-none text-strikethrough-none\">A B\u00edblia est\u00e1 cheia de hist\u00f3rias assim \u2014 e neste livro voc\u00ea vai conhecer amizades incr\u00edveis: Davi e J\u00f4natas, Rute e Noemi, Daniel e seus amigos\u2026 e at\u00e9 Jesus, o Amigo que nunca abandona!<br \/>\n<\/span><span class=\"a_GcMg font-feature-liga-off font-feature-clig-off font-feature-calt-off text-decoration-none text-strikethrough-none\">De forma simples e divertida, este livro ensina que a amizade \u00e9 um presente de Deus.<br \/>\n<\/span><span class=\"a_GcMg font-feature-liga-off font-feature-clig-off font-feature-calt-off text-decoration-none text-strikethrough-none\">Cada cap\u00edtulo traz uma li\u00e7\u00e3o pr\u00e1tica para a vida das crian\u00e7as, vers\u00edculos para guardar no cora\u00e7\u00e3o e ilustra\u00e7\u00f5es para colorir entre uma leitura e outra.<br \/>\n<\/span><span class=\"a_GcMg font-feature-liga-off font-feature-clig-off font-feature-calt-off text-decoration-none text-strikethrough-none\">Um recurso precioso para fam\u00edlias, professores e l\u00edderes que desejam ensinar \u00e0s crian\u00e7as, de 7 a 11 anos, o verdadeiro valor da amizade \u2014 com Deus e com o pr\u00f3ximo.<br \/>\n<\/span><span class=\"a_GcMg font-feature-liga-off font-feature-clig-off font-feature-calt-off text-decoration-none text-strikethrough-none\">Porque com Jesus no cora\u00e7\u00e3o, toda amizade fica mais especial!<\/span><\/p>\n","protected":false},"featured_media":1751,"comment_status":"open","ping_status":"closed","template":"","meta":{"om_disable_all_campaigns":false,"_monsterinsights_skip_tracking":false,"_monsterinsights_sitenote_active":false,"_monsterinsights_sitenote_note":"","_monsterinsights_sitenote_category":0,"_kadence_starter_templates_imported_post":false,"_kad_post_transparent":"default","_kad_post_title":"","_kad_post_layout":"default","_kad_post_sidebar_id":"","_kad_post_content_style":"default","_kad_post_vertical_padding":"default","_kad_post_feature":"","_kad_post_feature_position":"","_kad_post_header":false,"_kad_post_footer":false,"_kad_post_classname":""},"product_brand":[],"product_cat":[20],"product_tag":[],"class_list":{"0":"post-1768","1":"product","2":"type-product","3":"status-publish","4":"has-post-thumbnail","6":"product_cat-livros","8":"first","9":"instock","10":"shipping-taxable","11":"purchasable","12":"product-type-simple","13":"entry","14":"content-bg","15":"loop-entry"},"aioseo_notices":[],"_links":{"self":[{"href":"https:\/\/editorabelieve.com.br\/index.php\/wp-json\/wp\/v2\/product\/1768","targetHints":{"allow":["GET"]}}],"collection":[{"href":"https:\/\/editorabelieve.com.br\/index.php\/wp-json\/wp\/v2\/product"}],"about":[{"href":"https:\/\/editorabelieve.com.br\/index.php\/wp-json\/wp\/v2\/types\/product"}],"replies":[{"embeddable":true,"href":"https:\/\/editorabelieve.com.br\/index.php\/wp-json\/wp\/v2\/comments?post=1768"}],"wp:featuredmedia":[{"embeddable":true,"href":"https:\/\/editorabelieve.com.br\/index.php\/wp-json\/wp\/v2\/media\/1751"}],"wp:attachment":[{"href":"https:\/\/editorabelieve.com.br\/index.php\/wp-json\/wp\/v2\/media?parent=1768"}],"wp:term":[{"taxonomy":"product_brand","embeddable":true,"href":"https:\/\/editorabelieve.com.br\/index.php\/wp-json\/wp\/v2\/product_brand?post=1768"},{"taxonomy":"product_cat","embeddable":true,"href":"https:\/\/editorabelieve.com.br\/index.php\/wp-json\/wp\/v2\/product_cat?post=1768"},{"taxonomy":"product_tag","embeddable":true,"href":"https:\/\/editorabelieve.com.br\/index.php\/wp-json\/wp\/v2\/product_tag?post=1768"}],"curies":[{"name":"wp","href":"https:\/\/api.w.org\/{rel}","templated":true}]}}