{"id":1762,"date":"2025-09-28T22:03:21","date_gmt":"2025-09-29T01:03:21","guid":{"rendered":"https:\/\/editorabelieve.com.br\/?post_type=product&#038;p=1762"},"modified":"2025-09-28T22:06:25","modified_gmt":"2025-09-29T01:06:25","slug":"100-poesias-amor-meditacao-homenagem","status":"publish","type":"product","link":"https:\/\/editorabelieve.com.br\/index.php\/produto\/100-poesias-amor-meditacao-homenagem\/","title":{"rendered":"100 Poesias: Amor &#8211; Medita\u00e7\u00e3o \u2013 Homenagem"},"content":{"rendered":"","protected":false},"excerpt":{"rendered":"<p>100 Poesias: Amor &#8211; Medita\u00e7\u00e3o \u2013 Homenagem<\/p>\n<p>Autor: Jo\u00e3o Alberto Pereira<br \/>\nP\u00e1ginas: 224<br \/>\nISBN: 978-65-01-50506-0<\/p>\n<p class=\"cvGsUA direction-ltr align-justify para-style-body\"><span class=\"a_GcMg font-feature-liga-off font-feature-clig-off font-feature-calt-off text-decoration-none text-strikethrough-none\">100 Poesias: Amor \u2013 Medita\u00e7\u00e3o \u2013 Homenagem \u00e9 um mergulho profundo na alma de um poeta que escreve com o cora\u00e7\u00e3o. Nesta obra, Jo\u00e3o Alberto Pereira transforma viv\u00eancias, saudades, dores e f\u00e9 em versos que tocam o \u00edntimo do leitor.<br \/>\n<\/span><span class=\"a_GcMg font-feature-liga-off font-feature-clig-off font-feature-calt-off text-decoration-none text-strikethrough-none\">Dividido em temas que abordam o amor em suas m\u00faltiplas faces, as reflex\u00f5es espirituais e existenciais, al\u00e9m de homenagens que exaltam a for\u00e7a feminina e a mem\u00f3ria afetiva, este livro \u00e9 um convite \u00e0 contempla\u00e7\u00e3o da vida.<br \/>\n<\/span><span class=\"a_GcMg font-feature-liga-off font-feature-clig-off font-feature-calt-off text-decoration-none text-strikethrough-none\">Com sensibilidade rara e autenticidade emocional, o autor revela sua trajet\u00f3ria po\u00e9tica como express\u00e3o de f\u00e9 e devo\u00e7\u00e3o, consolidando este livro como um testemunho vivo da beleza que habita nas palavras.<br \/>\n<\/span><span class=\"a_GcMg font-feature-liga-off font-feature-clig-off font-feature-calt-off text-decoration-none text-strikethrough-none\">Um livro para quem ama, sente e acredita que a poesia \u00e9 a linguagem eterna da alma.<\/span><\/p>\n","protected":false},"featured_media":1749,"comment_status":"open","ping_status":"closed","template":"","meta":{"om_disable_all_campaigns":false,"_monsterinsights_skip_tracking":false,"_monsterinsights_sitenote_active":false,"_monsterinsights_sitenote_note":"","_monsterinsights_sitenote_category":0,"_kadence_starter_templates_imported_post":false,"_kad_post_transparent":"default","_kad_post_title":"","_kad_post_layout":"default","_kad_post_sidebar_id":"","_kad_post_content_style":"default","_kad_post_vertical_padding":"default","_kad_post_feature":"","_kad_post_feature_position":"","_kad_post_header":false,"_kad_post_footer":false,"_kad_post_classname":""},"product_brand":[],"product_cat":[20],"product_tag":[],"class_list":{"0":"post-1762","1":"product","2":"type-product","3":"status-publish","4":"has-post-thumbnail","6":"product_cat-livros","8":"first","9":"instock","10":"shipping-taxable","11":"purchasable","12":"product-type-simple","13":"entry","14":"content-bg","15":"loop-entry"},"aioseo_notices":[],"_links":{"self":[{"href":"https:\/\/editorabelieve.com.br\/index.php\/wp-json\/wp\/v2\/product\/1762","targetHints":{"allow":["GET"]}}],"collection":[{"href":"https:\/\/editorabelieve.com.br\/index.php\/wp-json\/wp\/v2\/product"}],"about":[{"href":"https:\/\/editorabelieve.com.br\/index.php\/wp-json\/wp\/v2\/types\/product"}],"replies":[{"embeddable":true,"href":"https:\/\/editorabelieve.com.br\/index.php\/wp-json\/wp\/v2\/comments?post=1762"}],"wp:featuredmedia":[{"embeddable":true,"href":"https:\/\/editorabelieve.com.br\/index.php\/wp-json\/wp\/v2\/media\/1749"}],"wp:attachment":[{"href":"https:\/\/editorabelieve.com.br\/index.php\/wp-json\/wp\/v2\/media?parent=1762"}],"wp:term":[{"taxonomy":"product_brand","embeddable":true,"href":"https:\/\/editorabelieve.com.br\/index.php\/wp-json\/wp\/v2\/product_brand?post=1762"},{"taxonomy":"product_cat","embeddable":true,"href":"https:\/\/editorabelieve.com.br\/index.php\/wp-json\/wp\/v2\/product_cat?post=1762"},{"taxonomy":"product_tag","embeddable":true,"href":"https:\/\/editorabelieve.com.br\/index.php\/wp-json\/wp\/v2\/product_tag?post=1762"}],"curies":[{"name":"wp","href":"https:\/\/api.w.org\/{rel}","templated":true}]}}