{"id":1739,"date":"2025-04-23T17:38:31","date_gmt":"2025-04-23T20:38:31","guid":{"rendered":"https:\/\/editorabelieve.com.br\/?post_type=product&#038;p=1739"},"modified":"2025-04-23T17:38:31","modified_gmt":"2025-04-23T20:38:31","slug":"familias-aos-pes-da-cruz","status":"publish","type":"product","link":"https:\/\/editorabelieve.com.br\/index.php\/produto\/familias-aos-pes-da-cruz\/","title":{"rendered":"Fam\u00edlias aos P\u00e9s da Cruz"},"content":{"rendered":"","protected":false},"excerpt":{"rendered":"<p>Fam\u00edlias aos P\u00e9s da Cruz<\/p>\n<p>Autor: Andr\u00e9 Lyra<br \/>\nP\u00e1ginas: 84<br \/>\nISBN: 978-65-01-43339-4<\/p>\n<p>Em um mundo onde os lares enfrentam crises, distanciamentos e press\u00f5es di\u00e1rias, h\u00e1 um lugar seguro de restaura\u00e7\u00e3o: aos p\u00e9s da cruz.<br \/>\nEste livro \u00e9 um convite \u00e0 transforma\u00e7\u00e3o da sua fam\u00edlia por meio do amor sacrificial de Cristo. Em cada cap\u00edtulo, voc\u00ea ser\u00e1 conduzido a refletir sobre temas essenciais como perd\u00e3o, ren\u00fancia, comunh\u00e3o, ora\u00e7\u00e3o e servi\u00e7o \u2014 tudo \u00e0 luz da cruz, que une, cura e fortalece.<br \/>\nCom uma linguagem simples, b\u00edblica e profundamente pastoral, Fam\u00edlias aos P\u00e9s da Cruz mostra que \u00e9 poss\u00edvel viver a f\u00e9 de forma pr\u00e1tica dentro de casa, tornando o lar um ambiente de adora\u00e7\u00e3o, unidade e prop\u00f3sito.<br \/>\nSe voc\u00ea deseja aprofundar o relacionamento com Deus em fam\u00edlia, esta leitura ser\u00e1 um divisor de \u00e1guas.<br \/>\nPorque \u00e9 aos p\u00e9s da cruz que tudo come\u00e7a \u2014 inclusive a verdadeira vida em fam\u00edlia.<\/p>\n","protected":false},"featured_media":1741,"comment_status":"open","ping_status":"closed","template":"","meta":{"om_disable_all_campaigns":false,"_monsterinsights_skip_tracking":false,"_monsterinsights_sitenote_active":false,"_monsterinsights_sitenote_note":"","_monsterinsights_sitenote_category":0,"_kadence_starter_templates_imported_post":false,"_kad_post_transparent":"default","_kad_post_title":"","_kad_post_layout":"default","_kad_post_sidebar_id":"","_kad_post_content_style":"default","_kad_post_vertical_padding":"default","_kad_post_feature":"","_kad_post_feature_position":"","_kad_post_header":false,"_kad_post_footer":false,"_kad_post_classname":""},"product_brand":[],"product_cat":[20],"product_tag":[],"class_list":{"0":"post-1739","1":"product","2":"type-product","3":"status-publish","4":"has-post-thumbnail","6":"product_cat-livros","8":"first","9":"instock","10":"shipping-taxable","11":"purchasable","12":"product-type-simple","13":"entry","14":"content-bg","15":"loop-entry"},"aioseo_notices":[],"_links":{"self":[{"href":"https:\/\/editorabelieve.com.br\/index.php\/wp-json\/wp\/v2\/product\/1739","targetHints":{"allow":["GET"]}}],"collection":[{"href":"https:\/\/editorabelieve.com.br\/index.php\/wp-json\/wp\/v2\/product"}],"about":[{"href":"https:\/\/editorabelieve.com.br\/index.php\/wp-json\/wp\/v2\/types\/product"}],"replies":[{"embeddable":true,"href":"https:\/\/editorabelieve.com.br\/index.php\/wp-json\/wp\/v2\/comments?post=1739"}],"wp:featuredmedia":[{"embeddable":true,"href":"https:\/\/editorabelieve.com.br\/index.php\/wp-json\/wp\/v2\/media\/1741"}],"wp:attachment":[{"href":"https:\/\/editorabelieve.com.br\/index.php\/wp-json\/wp\/v2\/media?parent=1739"}],"wp:term":[{"taxonomy":"product_brand","embeddable":true,"href":"https:\/\/editorabelieve.com.br\/index.php\/wp-json\/wp\/v2\/product_brand?post=1739"},{"taxonomy":"product_cat","embeddable":true,"href":"https:\/\/editorabelieve.com.br\/index.php\/wp-json\/wp\/v2\/product_cat?post=1739"},{"taxonomy":"product_tag","embeddable":true,"href":"https:\/\/editorabelieve.com.br\/index.php\/wp-json\/wp\/v2\/product_tag?post=1739"}],"curies":[{"name":"wp","href":"https:\/\/api.w.org\/{rel}","templated":true}]}}