{"id":1735,"date":"2025-04-04T22:21:37","date_gmt":"2025-04-05T01:21:37","guid":{"rendered":"https:\/\/editorabelieve.com.br\/?post_type=product&#038;p=1735"},"modified":"2025-04-04T22:21:37","modified_gmt":"2025-04-05T01:21:37","slug":"hoje-eu-vou-me-vencer","status":"publish","type":"product","link":"https:\/\/editorabelieve.com.br\/index.php\/produto\/hoje-eu-vou-me-vencer\/","title":{"rendered":"Hoje Eu Vou Me Vencer"},"content":{"rendered":"","protected":false},"excerpt":{"rendered":"<p>Hoje Eu Vou Me Vencer<\/p>\n<p>Autor: Jorge Ermino<br \/>\nP\u00e1ginas: 62<br \/>\nISBN: 978-65-01-32263-6<\/p>\n<p>A<span class=\"OYPEnA font-feature-liga-off font-feature-clig-off font-feature-calt-off text-decoration-none text-strikethrough-none\"> vida \u00e9 uma batalha constante, e, muitas vezes, nos deparamos com momentos em que a tenta\u00e7\u00e3o de desistir parece ser a escolha mais f\u00e1cil. Por muito tempo, essa foi a minha realidade. Deixei projetos inacabados, sonhos esquecidos e oportunidades escaparam por entre meus dedos, pois acreditava n\u00e3o ter for\u00e7as suficientes para seguir em frente.<br \/>\n<\/span><span class=\"OYPEnA font-feature-liga-off font-feature-clig-off font-feature-calt-off text-decoration-none text-strikethrough-none\">Sou Jorge Lu\u00eds Resende Ermino, crist\u00e3o, pai de tr\u00eas filhos e algu\u00e9m que, contra sua vontade, j\u00e1 se viu desistindo in\u00fameras vezes. Por\u00e9m, ao longo da minha caminhada, aprendi uma li\u00e7\u00e3o fundamental: a batalha n\u00e3o acaba quando paramos; ela simplesmente nos espera no mesmo lugar, at\u00e9 que tenhamos coragem de seguir.<br \/>\n<\/span><span class=\"OYPEnA font-feature-liga-off font-feature-clig-off font-feature-calt-off text-decoration-none text-strikethrough-none\">Escrevi este livro com o prop\u00f3sito de motivar e fortalecer aqueles que enfrentam suas pr\u00f3prias lutas. Quero que voc\u00ea saiba que, com f\u00e9, perseveran\u00e7a e um cora\u00e7\u00e3o disposto, \u00e9 poss\u00edvel transformar at\u00e9 os momentos mais dif\u00edceis em conquistas.<br \/>\n<\/span><span class=\"OYPEnA font-feature-liga-off font-feature-clig-off font-feature-calt-off text-decoration-none text-strikethrough-none\">&#8220;Como a f\u00e9 transformou minha hist\u00f3ria\u00a0<\/span><span class=\"OYPEnA font-feature-liga-off font-feature-clig-off font-feature-calt-off text-decoration-none text-strikethrough-none\">de perdas em recome\u00e7os.&#8221;<\/span><\/p>\n","protected":false},"featured_media":1734,"comment_status":"open","ping_status":"closed","template":"","meta":{"om_disable_all_campaigns":false,"_monsterinsights_skip_tracking":false,"_monsterinsights_sitenote_active":false,"_monsterinsights_sitenote_note":"","_monsterinsights_sitenote_category":0,"_kadence_starter_templates_imported_post":false,"_kad_post_transparent":"default","_kad_post_title":"","_kad_post_layout":"default","_kad_post_sidebar_id":"","_kad_post_content_style":"default","_kad_post_vertical_padding":"default","_kad_post_feature":"","_kad_post_feature_position":"","_kad_post_header":false,"_kad_post_footer":false,"_kad_post_classname":""},"product_brand":[],"product_cat":[20],"product_tag":[],"class_list":{"0":"post-1735","1":"product","2":"type-product","3":"status-publish","4":"has-post-thumbnail","6":"product_cat-livros","8":"first","9":"instock","10":"shipping-taxable","11":"purchasable","12":"product-type-simple","13":"entry","14":"content-bg","15":"loop-entry"},"aioseo_notices":[],"_links":{"self":[{"href":"https:\/\/editorabelieve.com.br\/index.php\/wp-json\/wp\/v2\/product\/1735","targetHints":{"allow":["GET"]}}],"collection":[{"href":"https:\/\/editorabelieve.com.br\/index.php\/wp-json\/wp\/v2\/product"}],"about":[{"href":"https:\/\/editorabelieve.com.br\/index.php\/wp-json\/wp\/v2\/types\/product"}],"replies":[{"embeddable":true,"href":"https:\/\/editorabelieve.com.br\/index.php\/wp-json\/wp\/v2\/comments?post=1735"}],"wp:featuredmedia":[{"embeddable":true,"href":"https:\/\/editorabelieve.com.br\/index.php\/wp-json\/wp\/v2\/media\/1734"}],"wp:attachment":[{"href":"https:\/\/editorabelieve.com.br\/index.php\/wp-json\/wp\/v2\/media?parent=1735"}],"wp:term":[{"taxonomy":"product_brand","embeddable":true,"href":"https:\/\/editorabelieve.com.br\/index.php\/wp-json\/wp\/v2\/product_brand?post=1735"},{"taxonomy":"product_cat","embeddable":true,"href":"https:\/\/editorabelieve.com.br\/index.php\/wp-json\/wp\/v2\/product_cat?post=1735"},{"taxonomy":"product_tag","embeddable":true,"href":"https:\/\/editorabelieve.com.br\/index.php\/wp-json\/wp\/v2\/product_tag?post=1735"}],"curies":[{"name":"wp","href":"https:\/\/api.w.org\/{rel}","templated":true}]}}