{"id":1732,"date":"2025-04-04T22:14:39","date_gmt":"2025-04-05T01:14:39","guid":{"rendered":"https:\/\/editorabelieve.com.br\/?post_type=product&#038;p=1732"},"modified":"2025-04-04T22:24:32","modified_gmt":"2025-04-05T01:24:32","slug":"cicatrizes-uma-jornada-de-cura-e-transformacao","status":"publish","type":"product","link":"https:\/\/editorabelieve.com.br\/index.php\/produto\/cicatrizes-uma-jornada-de-cura-e-transformacao\/","title":{"rendered":"Cicatrizes: Uma Jornada de Cura e Transforma\u00e7\u00e3o"},"content":{"rendered":"","protected":false},"excerpt":{"rendered":"<p>Cicatrizes: Uma Jornada de Cura e Transforma\u00e7\u00e3o<br \/>\nAutor: Anselmo Fernandes<br \/>\nP\u00e1ginas: 212<br \/>\nISBN: 978-65-01-36391-2<\/p>\n<p class=\"cvGsUA direction-ltr align-center para-style-body\"><span class=\"OYPEnA font-feature-liga-off font-feature-clig-off font-feature-calt-off text-decoration-none text-strikethrough-none\">&#8220;Cicatrizes: Uma Jornada de Cura e Transforma\u00e7\u00e3o&#8221; \u00e9 uma emocionante narrativa que mergulha nas profundezas da experi\u00eancia humana, explorando as complexidades das cicatrizes emocionais e f\u00edsicas que moldam nossas vidas.<br \/>\n<\/span><span class=\"OYPEnA font-feature-liga-off font-feature-clig-off font-feature-calt-off text-decoration-none text-strikethrough-none\">O livro aborda temas universais como resili\u00eancia, perd\u00e3o, amor pr\u00f3prio e supera\u00e7\u00e3o, oferecendo uma mensagem de esperan\u00e7a e empoderamento. Com uma narrativa cativante e reflexiva, Cicatrizes convida os leitores a refletirem sobre suas pr\u00f3prias jornadas, celebrando a beleza da transforma\u00e7\u00e3o que ocorre ao confrontarmos nossas cicatrizes mais profundas.<\/span><\/p>\n","protected":false},"featured_media":1733,"comment_status":"open","ping_status":"closed","template":"","meta":{"om_disable_all_campaigns":false,"_monsterinsights_skip_tracking":false,"_monsterinsights_sitenote_active":false,"_monsterinsights_sitenote_note":"","_monsterinsights_sitenote_category":0,"_kadence_starter_templates_imported_post":false,"_kad_post_transparent":"default","_kad_post_title":"","_kad_post_layout":"default","_kad_post_sidebar_id":"","_kad_post_content_style":"default","_kad_post_vertical_padding":"default","_kad_post_feature":"","_kad_post_feature_position":"","_kad_post_header":false,"_kad_post_footer":false,"_kad_post_classname":""},"product_brand":[],"product_cat":[20],"product_tag":[],"class_list":{"0":"post-1732","1":"product","2":"type-product","3":"status-publish","4":"has-post-thumbnail","6":"product_cat-livros","8":"first","9":"instock","10":"shipping-taxable","11":"purchasable","12":"product-type-simple","13":"entry","14":"content-bg","15":"loop-entry"},"aioseo_notices":[],"_links":{"self":[{"href":"https:\/\/editorabelieve.com.br\/index.php\/wp-json\/wp\/v2\/product\/1732","targetHints":{"allow":["GET"]}}],"collection":[{"href":"https:\/\/editorabelieve.com.br\/index.php\/wp-json\/wp\/v2\/product"}],"about":[{"href":"https:\/\/editorabelieve.com.br\/index.php\/wp-json\/wp\/v2\/types\/product"}],"replies":[{"embeddable":true,"href":"https:\/\/editorabelieve.com.br\/index.php\/wp-json\/wp\/v2\/comments?post=1732"}],"wp:featuredmedia":[{"embeddable":true,"href":"https:\/\/editorabelieve.com.br\/index.php\/wp-json\/wp\/v2\/media\/1733"}],"wp:attachment":[{"href":"https:\/\/editorabelieve.com.br\/index.php\/wp-json\/wp\/v2\/media?parent=1732"}],"wp:term":[{"taxonomy":"product_brand","embeddable":true,"href":"https:\/\/editorabelieve.com.br\/index.php\/wp-json\/wp\/v2\/product_brand?post=1732"},{"taxonomy":"product_cat","embeddable":true,"href":"https:\/\/editorabelieve.com.br\/index.php\/wp-json\/wp\/v2\/product_cat?post=1732"},{"taxonomy":"product_tag","embeddable":true,"href":"https:\/\/editorabelieve.com.br\/index.php\/wp-json\/wp\/v2\/product_tag?post=1732"}],"curies":[{"name":"wp","href":"https:\/\/api.w.org\/{rel}","templated":true}]}}