{"id":1706,"date":"2024-12-18T22:40:53","date_gmt":"2024-12-19T01:40:53","guid":{"rendered":"https:\/\/editorabelieve.com.br\/?post_type=product&#038;p=1706"},"modified":"2025-04-04T22:25:20","modified_gmt":"2025-04-05T01:25:20","slug":"etica-na-igreja-hierarquia-e-liturgia","status":"publish","type":"product","link":"https:\/\/editorabelieve.com.br\/index.php\/produto\/etica-na-igreja-hierarquia-e-liturgia\/","title":{"rendered":"\u00c9tica na Igreja: Hierarquia e Liturgia"},"content":{"rendered":"","protected":false},"excerpt":{"rendered":"<p>\u00c9tica na Igreja: Hierarquia e Liturgia<br \/>\nAutor: Andr\u00e9 Lyra<br \/>\n60 p\u00e1ginas<\/p>\n<p><span class=\"OYPEnA font-feature-liga-off font-feature-clig-off font-feature-calt-off text-decoration-none text-strikethrough-none\">O autor explora o comportamento \u00e9tico ideal que deve nortear os ministros, incluindo pastores, evangelistas, presb\u00edteros e di\u00e1conos. Com um enfoque profundo na import\u00e2ncia da hierarquia e da liturgia, sendo o livro um recorte do assunto, mas que busca orientar novos obreiros e lembrar aos veteranos a relev\u00e2ncia da conduta exemplar no culto e no servi\u00e7o do Reino de Deus, e mais do que um guia t\u00e9cnico, este livreto apresenta reflex\u00f5es que ressaltam a ordem e o respeito, elementos fundamentais para a adora\u00e7\u00e3o e para o testemunho crist\u00e3o. <\/span><span class=\"OYPEnA font-feature-liga-off font-feature-clig-off font-feature-calt-off text-decoration-none text-strikethrough-none\">Inspirado pelo conselho e ordem b\u00edblica de\u00a0<\/span><span class=\"OYPEnA font-feature-liga-off font-feature-clig-off font-feature-calt-off text-decoration-none text-strikethrough-none\">1 Cor\u00edntios 14:40, &#8220;tudo seja feito com dec\u00eancia e ordem&#8221;, o autor destaca que, assim como a sabedoria e organiza\u00e7\u00e3o da corte de Salom\u00e3o inspiravam rever\u00eancia, o culto a Cristo deve ser conduzido com igual zelo, excel\u00eancia e beleza.\u00a0<\/span><\/p>\n","protected":false},"featured_media":1696,"comment_status":"open","ping_status":"closed","template":"","meta":{"om_disable_all_campaigns":false,"_monsterinsights_skip_tracking":false,"_monsterinsights_sitenote_active":false,"_monsterinsights_sitenote_note":"","_monsterinsights_sitenote_category":0,"_kadence_starter_templates_imported_post":false,"_kad_post_transparent":"default","_kad_post_title":"","_kad_post_layout":"default","_kad_post_sidebar_id":"","_kad_post_content_style":"default","_kad_post_vertical_padding":"default","_kad_post_feature":"","_kad_post_feature_position":"","_kad_post_header":false,"_kad_post_footer":false,"_kad_post_classname":""},"product_brand":[],"product_cat":[20],"product_tag":[],"class_list":{"0":"post-1706","1":"product","2":"type-product","3":"status-publish","4":"has-post-thumbnail","6":"product_cat-livros","8":"first","9":"instock","10":"shipping-taxable","11":"purchasable","12":"product-type-simple","13":"entry","14":"content-bg","15":"loop-entry"},"aioseo_notices":[],"_links":{"self":[{"href":"https:\/\/editorabelieve.com.br\/index.php\/wp-json\/wp\/v2\/product\/1706","targetHints":{"allow":["GET"]}}],"collection":[{"href":"https:\/\/editorabelieve.com.br\/index.php\/wp-json\/wp\/v2\/product"}],"about":[{"href":"https:\/\/editorabelieve.com.br\/index.php\/wp-json\/wp\/v2\/types\/product"}],"replies":[{"embeddable":true,"href":"https:\/\/editorabelieve.com.br\/index.php\/wp-json\/wp\/v2\/comments?post=1706"}],"wp:featuredmedia":[{"embeddable":true,"href":"https:\/\/editorabelieve.com.br\/index.php\/wp-json\/wp\/v2\/media\/1696"}],"wp:attachment":[{"href":"https:\/\/editorabelieve.com.br\/index.php\/wp-json\/wp\/v2\/media?parent=1706"}],"wp:term":[{"taxonomy":"product_brand","embeddable":true,"href":"https:\/\/editorabelieve.com.br\/index.php\/wp-json\/wp\/v2\/product_brand?post=1706"},{"taxonomy":"product_cat","embeddable":true,"href":"https:\/\/editorabelieve.com.br\/index.php\/wp-json\/wp\/v2\/product_cat?post=1706"},{"taxonomy":"product_tag","embeddable":true,"href":"https:\/\/editorabelieve.com.br\/index.php\/wp-json\/wp\/v2\/product_tag?post=1706"}],"curies":[{"name":"wp","href":"https:\/\/api.w.org\/{rel}","templated":true}]}}