{"id":1705,"date":"2024-12-18T22:33:53","date_gmt":"2024-12-19T01:33:53","guid":{"rendered":"https:\/\/editorabelieve.com.br\/?post_type=product&#038;p=1705"},"modified":"2025-04-04T22:25:33","modified_gmt":"2025-04-05T01:25:33","slug":"lancamento-jesus-alegria-dos-homens","status":"publish","type":"product","link":"https:\/\/editorabelieve.com.br\/index.php\/produto\/lancamento-jesus-alegria-dos-homens\/","title":{"rendered":"LAN\u00c7AMENTO &#8211;  Jesus Alegria dos Homens"},"content":{"rendered":"","protected":false},"excerpt":{"rendered":"<p>Jesus Alegria dos Homens<br \/>\nAutor: Andr\u00e9 Lyra<br \/>\n40 p\u00e1ginas<\/p>\n<p><span class=\"OYPEnA font-feature-liga-off font-feature-clig-off font-feature-calt-off text-decoration-none text-strikethrough-none\">J<\/span><span class=\"OYPEnA font-feature-liga-off font-feature-clig-off font-feature-calt-off text-decoration-none text-strikethrough-none\">esus, Alegria dos Homens \u00e9 uma reflex\u00e3o<\/span> <span class=\"OYPEnA font-feature-liga-off font-feature-clig-off font-feature-calt-off text-decoration-none text-strikethrough-none\">sobre o nascimento de Jesus Cristo e seu impacto eterno na hist\u00f3ria da humanidade. Ao explorar as profecias cumpridas, o contexto hist\u00f3rico do Natal e a mensagem angelical, este livro convida o leitor a redescobrir o verdadeiro significado do Natal: a alegria de saber que Deus cumpriu Sua promessa de salva\u00e7\u00e3o. Com uma abordagem acess\u00edvel e rica em passagens b\u00edblicas, a obra revela como o nascimento de Jesus trouxe luz em tempos de trevas, oferecendo esperan\u00e7a e reden\u00e7\u00e3o para todos os povos. Este livro n\u00e3o \u00e9 apenas uma celebra\u00e7\u00e3o do evento hist\u00f3rico, mas um chamado \u00e0 f\u00e9, \u00e0 esperan\u00e7a e \u00e0 humildade. Uma leitura inspiradora para aqueles que buscam compreender mais profundamente a alegria do Natal e viver de acordo com o presente divino de Deus \u00e0 humanidade.<\/span><\/p>\n","protected":false},"featured_media":1692,"comment_status":"open","ping_status":"closed","template":"","meta":{"om_disable_all_campaigns":false,"_monsterinsights_skip_tracking":false,"_monsterinsights_sitenote_active":false,"_monsterinsights_sitenote_note":"","_monsterinsights_sitenote_category":0,"_kadence_starter_templates_imported_post":false,"_kad_post_transparent":"default","_kad_post_title":"","_kad_post_layout":"default","_kad_post_sidebar_id":"","_kad_post_content_style":"default","_kad_post_vertical_padding":"default","_kad_post_feature":"","_kad_post_feature_position":"","_kad_post_header":false,"_kad_post_footer":false,"_kad_post_classname":""},"product_brand":[],"product_cat":[20],"product_tag":[],"class_list":{"0":"post-1705","1":"product","2":"type-product","3":"status-publish","4":"has-post-thumbnail","6":"product_cat-livros","8":"first","9":"instock","10":"shipping-taxable","11":"purchasable","12":"product-type-simple","13":"entry","14":"content-bg","15":"loop-entry"},"aioseo_notices":[],"_links":{"self":[{"href":"https:\/\/editorabelieve.com.br\/index.php\/wp-json\/wp\/v2\/product\/1705","targetHints":{"allow":["GET"]}}],"collection":[{"href":"https:\/\/editorabelieve.com.br\/index.php\/wp-json\/wp\/v2\/product"}],"about":[{"href":"https:\/\/editorabelieve.com.br\/index.php\/wp-json\/wp\/v2\/types\/product"}],"replies":[{"embeddable":true,"href":"https:\/\/editorabelieve.com.br\/index.php\/wp-json\/wp\/v2\/comments?post=1705"}],"wp:featuredmedia":[{"embeddable":true,"href":"https:\/\/editorabelieve.com.br\/index.php\/wp-json\/wp\/v2\/media\/1692"}],"wp:attachment":[{"href":"https:\/\/editorabelieve.com.br\/index.php\/wp-json\/wp\/v2\/media?parent=1705"}],"wp:term":[{"taxonomy":"product_brand","embeddable":true,"href":"https:\/\/editorabelieve.com.br\/index.php\/wp-json\/wp\/v2\/product_brand?post=1705"},{"taxonomy":"product_cat","embeddable":true,"href":"https:\/\/editorabelieve.com.br\/index.php\/wp-json\/wp\/v2\/product_cat?post=1705"},{"taxonomy":"product_tag","embeddable":true,"href":"https:\/\/editorabelieve.com.br\/index.php\/wp-json\/wp\/v2\/product_tag?post=1705"}],"curies":[{"name":"wp","href":"https:\/\/api.w.org\/{rel}","templated":true}]}}