{"id":1677,"date":"2024-09-17T14:31:14","date_gmt":"2024-09-17T17:31:14","guid":{"rendered":"https:\/\/editorabelieve.com.br\/?post_type=product&#038;p=1677"},"modified":"2024-12-18T22:06:17","modified_gmt":"2024-12-19T01:06:17","slug":"me-batizei-e-agora","status":"publish","type":"product","link":"https:\/\/editorabelieve.com.br\/index.php\/produto\/me-batizei-e-agora\/","title":{"rendered":"Me Batizei e Agora?"},"content":{"rendered":"","protected":false},"excerpt":{"rendered":"<p><strong>Me batizei e Agora?<br \/>\n<\/strong>Autora: Cl\u00e1udia Deodato<br \/>\nP\u00e1ginas: 62<br \/>\nISBN: 978-65-00-59370-9<\/p>\n<p>Me batizei e agora? \u00c9 um pequeno manual, por\u00e9m, riqu\u00edssimo para todos que est\u00e3o iniciando os primeiros passos na caminhada crist\u00e3. H\u00e1 esclarecimentos fundamentais e necess\u00e1rios para os que abra\u00e7am a f\u00e9. Ap\u00f3s o novo nascimento s\u00e3o muitas as perguntas, tais como: O que \u00e9 ora\u00e7\u00e3o, santidade, d\u00edzimos&#8230;e tantas outras coisas.<\/p>\n","protected":false},"featured_media":1678,"comment_status":"open","ping_status":"closed","template":"","meta":{"om_disable_all_campaigns":false,"_monsterinsights_skip_tracking":false,"_monsterinsights_sitenote_active":false,"_monsterinsights_sitenote_note":"","_monsterinsights_sitenote_category":0,"_kadence_starter_templates_imported_post":false,"_kad_post_transparent":"default","_kad_post_title":"","_kad_post_layout":"default","_kad_post_sidebar_id":"","_kad_post_content_style":"default","_kad_post_vertical_padding":"default","_kad_post_feature":"","_kad_post_feature_position":"","_kad_post_header":false,"_kad_post_footer":false,"_kad_post_classname":""},"product_brand":[],"product_cat":[20],"product_tag":[],"class_list":{"0":"post-1677","1":"product","2":"type-product","3":"status-publish","4":"has-post-thumbnail","6":"product_cat-livros","8":"first","9":"instock","10":"shipping-taxable","11":"purchasable","12":"product-type-simple","13":"entry","14":"content-bg","15":"loop-entry"},"aioseo_notices":[],"_links":{"self":[{"href":"https:\/\/editorabelieve.com.br\/index.php\/wp-json\/wp\/v2\/product\/1677","targetHints":{"allow":["GET"]}}],"collection":[{"href":"https:\/\/editorabelieve.com.br\/index.php\/wp-json\/wp\/v2\/product"}],"about":[{"href":"https:\/\/editorabelieve.com.br\/index.php\/wp-json\/wp\/v2\/types\/product"}],"replies":[{"embeddable":true,"href":"https:\/\/editorabelieve.com.br\/index.php\/wp-json\/wp\/v2\/comments?post=1677"}],"wp:featuredmedia":[{"embeddable":true,"href":"https:\/\/editorabelieve.com.br\/index.php\/wp-json\/wp\/v2\/media\/1678"}],"wp:attachment":[{"href":"https:\/\/editorabelieve.com.br\/index.php\/wp-json\/wp\/v2\/media?parent=1677"}],"wp:term":[{"taxonomy":"product_brand","embeddable":true,"href":"https:\/\/editorabelieve.com.br\/index.php\/wp-json\/wp\/v2\/product_brand?post=1677"},{"taxonomy":"product_cat","embeddable":true,"href":"https:\/\/editorabelieve.com.br\/index.php\/wp-json\/wp\/v2\/product_cat?post=1677"},{"taxonomy":"product_tag","embeddable":true,"href":"https:\/\/editorabelieve.com.br\/index.php\/wp-json\/wp\/v2\/product_tag?post=1677"}],"curies":[{"name":"wp","href":"https:\/\/api.w.org\/{rel}","templated":true}]}}