{"id":1670,"date":"2024-09-17T12:24:26","date_gmt":"2024-09-17T15:24:26","guid":{"rendered":"https:\/\/editorabelieve.com.br\/?post_type=product&#038;p=1670"},"modified":"2024-12-18T22:08:21","modified_gmt":"2024-12-19T01:08:21","slug":"1670","status":"publish","type":"product","link":"https:\/\/editorabelieve.com.br\/index.php\/produto\/1670\/","title":{"rendered":"Momentos de Inspira\u00e7\u00e3o Espiritual:\u00a0Reflex\u00f5es para o Cora\u00e7\u00e3o"},"content":{"rendered":"","protected":false},"excerpt":{"rendered":"<p><strong>Momentos de Inspira\u00e7\u00e3o Espiritual:\u00a0Reflex\u00f5es para o Cora\u00e7\u00e3o<br \/>\n<\/strong>Autor: Carlos Vagner<br \/>\nP\u00e1ginas: 96<br \/>\nISBN: 978-65-01-11772-0<\/p>\n<p>Vivemos em um mundo cada vez mais turbulento e ca\u00f3tico, onde as crises s\u00e3o evidentes e as discuss\u00f5es acaloradas marcam a gera\u00e7\u00e3o atual. Este livro traz mensagens de vida, esperan\u00e7a e f\u00e9 da Palavra do Senhor, com o prop\u00f3sito de inspirar os leitores a enfrentar os desafios sem perder a determina\u00e7\u00e3o.<\/p>\n<p>Em meio ao cen\u00e1rio turbulento que vivemos no Brasil, nossa inten\u00e7\u00e3o \u00e9 fortalecer os seguidores de Cristo e compartilhar o evangelho de forma clara e centrada em Cristo. Propomos a Palavra de Deus como um alicerce diante da instabilidade global, buscando alcan\u00e7ar tanto aqueles que ainda n\u00e3o conhecem Cristo quanto os fi\u00e9is seguidores. Esta obra \u00e9 uma contribui\u00e7\u00e3o para todos aqueles que seguem o Evangelho segundo Jesus Cristo. Espero que esta leitura aben\u00e7oe sua vida!<\/p>\n","protected":false},"featured_media":1671,"comment_status":"open","ping_status":"closed","template":"","meta":{"om_disable_all_campaigns":false,"_monsterinsights_skip_tracking":false,"_monsterinsights_sitenote_active":false,"_monsterinsights_sitenote_note":"","_monsterinsights_sitenote_category":0,"_kadence_starter_templates_imported_post":false,"_kad_post_transparent":"default","_kad_post_title":"","_kad_post_layout":"default","_kad_post_sidebar_id":"","_kad_post_content_style":"default","_kad_post_vertical_padding":"default","_kad_post_feature":"","_kad_post_feature_position":"","_kad_post_header":false,"_kad_post_footer":false,"_kad_post_classname":""},"product_brand":[],"product_cat":[20],"product_tag":[],"class_list":{"0":"post-1670","1":"product","2":"type-product","3":"status-publish","4":"has-post-thumbnail","6":"product_cat-livros","8":"first","9":"instock","10":"shipping-taxable","11":"purchasable","12":"product-type-simple","13":"entry","14":"content-bg","15":"loop-entry"},"aioseo_notices":[],"_links":{"self":[{"href":"https:\/\/editorabelieve.com.br\/index.php\/wp-json\/wp\/v2\/product\/1670","targetHints":{"allow":["GET"]}}],"collection":[{"href":"https:\/\/editorabelieve.com.br\/index.php\/wp-json\/wp\/v2\/product"}],"about":[{"href":"https:\/\/editorabelieve.com.br\/index.php\/wp-json\/wp\/v2\/types\/product"}],"replies":[{"embeddable":true,"href":"https:\/\/editorabelieve.com.br\/index.php\/wp-json\/wp\/v2\/comments?post=1670"}],"wp:featuredmedia":[{"embeddable":true,"href":"https:\/\/editorabelieve.com.br\/index.php\/wp-json\/wp\/v2\/media\/1671"}],"wp:attachment":[{"href":"https:\/\/editorabelieve.com.br\/index.php\/wp-json\/wp\/v2\/media?parent=1670"}],"wp:term":[{"taxonomy":"product_brand","embeddable":true,"href":"https:\/\/editorabelieve.com.br\/index.php\/wp-json\/wp\/v2\/product_brand?post=1670"},{"taxonomy":"product_cat","embeddable":true,"href":"https:\/\/editorabelieve.com.br\/index.php\/wp-json\/wp\/v2\/product_cat?post=1670"},{"taxonomy":"product_tag","embeddable":true,"href":"https:\/\/editorabelieve.com.br\/index.php\/wp-json\/wp\/v2\/product_tag?post=1670"}],"curies":[{"name":"wp","href":"https:\/\/api.w.org\/{rel}","templated":true}]}}