{"id":1648,"date":"2024-04-14T15:15:00","date_gmt":"2024-04-14T18:15:00","guid":{"rendered":"https:\/\/editorabelieve.com.br\/?post_type=product&#038;p=1648"},"modified":"2025-04-04T22:26:18","modified_gmt":"2025-04-05T01:26:18","slug":"a-igreja-e-os-perigos-do-seculo-xxi","status":"publish","type":"product","link":"https:\/\/editorabelieve.com.br\/index.php\/produto\/a-igreja-e-os-perigos-do-seculo-xxi\/","title":{"rendered":"A Igreja e os Perigos do S\u00e9culo XXI"},"content":{"rendered":"<p>Autor: Josivaldo Santos<br \/>\nP\u00e1ginas: 104<br \/>\nISBN: 9786500944457<\/p>\n<p>Nesta obra, o escritor alerta contra os pensamentos seculares que est\u00e3o ocorrendo em nossas igrejas. Diante das amea\u00e7as de se tornarem mundanas, as igrejas evang\u00e9licas fazem atividades religiosas em seus cultos, e n\u00e3o podem se concentrar em preencher os crentes numa atmosfera secular, com cultos, c\u00e2nticos e planejamentos eclesi\u00e1sticos, os quais t\u00eam se tornado um s\u00e9rio problema para a igreja dos dias atuais, quando n\u00e3o acompanhadas da veracidade\u00a0da\u00a0Palavra.<\/p>\n","protected":false},"excerpt":{"rendered":"<p>Autor: Josivaldo Santos P\u00e1ginas: 104 ISBN: 9786500944457 Nesta obra, o escritor alerta contra os pensamentos seculares que est\u00e3o ocorrendo em nossas igrejas. Diante das amea\u00e7as de se tornarem mundanas, as igrejas evang\u00e9licas fazem atividades religiosas em seus cultos, e n\u00e3o podem se concentrar em preencher os crentes numa atmosfera secular, com cultos, c\u00e2nticos e planejamentos&#8230;<\/p>\n","protected":false},"featured_media":1645,"comment_status":"open","ping_status":"closed","template":"","meta":{"om_disable_all_campaigns":false,"_monsterinsights_skip_tracking":false,"_monsterinsights_sitenote_active":false,"_monsterinsights_sitenote_note":"","_monsterinsights_sitenote_category":0,"_kadence_starter_templates_imported_post":false,"_kad_post_transparent":"default","_kad_post_title":"","_kad_post_layout":"default","_kad_post_sidebar_id":"","_kad_post_content_style":"default","_kad_post_vertical_padding":"default","_kad_post_feature":"","_kad_post_feature_position":"","_kad_post_header":false,"_kad_post_footer":false,"_kad_post_classname":""},"product_brand":[],"product_cat":[20],"product_tag":[],"class_list":{"0":"post-1648","1":"product","2":"type-product","3":"status-publish","4":"has-post-thumbnail","6":"product_cat-livros","8":"first","9":"instock","10":"shipping-taxable","11":"purchasable","12":"product-type-simple","13":"entry","14":"content-bg","15":"loop-entry"},"aioseo_notices":[],"_links":{"self":[{"href":"https:\/\/editorabelieve.com.br\/index.php\/wp-json\/wp\/v2\/product\/1648","targetHints":{"allow":["GET"]}}],"collection":[{"href":"https:\/\/editorabelieve.com.br\/index.php\/wp-json\/wp\/v2\/product"}],"about":[{"href":"https:\/\/editorabelieve.com.br\/index.php\/wp-json\/wp\/v2\/types\/product"}],"replies":[{"embeddable":true,"href":"https:\/\/editorabelieve.com.br\/index.php\/wp-json\/wp\/v2\/comments?post=1648"}],"wp:featuredmedia":[{"embeddable":true,"href":"https:\/\/editorabelieve.com.br\/index.php\/wp-json\/wp\/v2\/media\/1645"}],"wp:attachment":[{"href":"https:\/\/editorabelieve.com.br\/index.php\/wp-json\/wp\/v2\/media?parent=1648"}],"wp:term":[{"taxonomy":"product_brand","embeddable":true,"href":"https:\/\/editorabelieve.com.br\/index.php\/wp-json\/wp\/v2\/product_brand?post=1648"},{"taxonomy":"product_cat","embeddable":true,"href":"https:\/\/editorabelieve.com.br\/index.php\/wp-json\/wp\/v2\/product_cat?post=1648"},{"taxonomy":"product_tag","embeddable":true,"href":"https:\/\/editorabelieve.com.br\/index.php\/wp-json\/wp\/v2\/product_tag?post=1648"}],"curies":[{"name":"wp","href":"https:\/\/api.w.org\/{rel}","templated":true}]}}