{"id":1632,"date":"2024-02-25T19:05:27","date_gmt":"2024-02-25T22:05:27","guid":{"rendered":"https:\/\/editorabelieve.com.br\/?post_type=product&#038;p=1632"},"modified":"2024-04-14T16:19:56","modified_gmt":"2024-04-14T19:19:56","slug":"1632","status":"publish","type":"product","link":"https:\/\/editorabelieve.com.br\/index.php\/produto\/1632\/","title":{"rendered":"Poesias e Pensamentos de Cleide Braga"},"content":{"rendered":"","protected":false},"excerpt":{"rendered":"<p>Poesias e Pensamentos de Cleide Braga<br \/>\nAutora: Cleide Braga<br \/>\nP\u00e1ginas: 106<br \/>\nISBN: 9786500926781<\/p>\n<p>Poemas e pensamentos de Cleide Braga revela as observa\u00e7\u00f5es e pensamentos de uma poetisa que descobriu seu talento por acaso e n\u00e3o parou mais de escrever.<br \/>\nVoc\u00ea ter\u00e1 o prazer de ler poemas com t\u00edtulos t\u00e3o lindos, como: A amizade, Coragem, Deus e voc\u00ea, Perd\u00e3o, Seu olhar, entre outros t\u00e3o edificantes. S\u00e3o mais de 170 escritos entre poemas e pensamentos. Com certeza uma boa leitura para adocicar a alma de\u00a0ternura\u00a0e\u00a0amor.<\/p>\n","protected":false},"featured_media":1655,"comment_status":"open","ping_status":"closed","template":"","meta":{"om_disable_all_campaigns":false,"_monsterinsights_skip_tracking":false,"_monsterinsights_sitenote_active":false,"_monsterinsights_sitenote_note":"","_monsterinsights_sitenote_category":0,"_kadence_starter_templates_imported_post":false,"_kad_post_transparent":"default","_kad_post_title":"","_kad_post_layout":"default","_kad_post_sidebar_id":"","_kad_post_content_style":"default","_kad_post_vertical_padding":"default","_kad_post_feature":"","_kad_post_feature_position":"","_kad_post_header":false,"_kad_post_footer":false,"_kad_post_classname":""},"product_brand":[],"product_cat":[20],"product_tag":[],"class_list":{"0":"post-1632","1":"product","2":"type-product","3":"status-publish","4":"has-post-thumbnail","6":"product_cat-livros","8":"first","9":"instock","10":"shipping-taxable","11":"purchasable","12":"product-type-simple","13":"entry","14":"content-bg","15":"loop-entry"},"aioseo_notices":[],"_links":{"self":[{"href":"https:\/\/editorabelieve.com.br\/index.php\/wp-json\/wp\/v2\/product\/1632","targetHints":{"allow":["GET"]}}],"collection":[{"href":"https:\/\/editorabelieve.com.br\/index.php\/wp-json\/wp\/v2\/product"}],"about":[{"href":"https:\/\/editorabelieve.com.br\/index.php\/wp-json\/wp\/v2\/types\/product"}],"replies":[{"embeddable":true,"href":"https:\/\/editorabelieve.com.br\/index.php\/wp-json\/wp\/v2\/comments?post=1632"}],"wp:featuredmedia":[{"embeddable":true,"href":"https:\/\/editorabelieve.com.br\/index.php\/wp-json\/wp\/v2\/media\/1655"}],"wp:attachment":[{"href":"https:\/\/editorabelieve.com.br\/index.php\/wp-json\/wp\/v2\/media?parent=1632"}],"wp:term":[{"taxonomy":"product_brand","embeddable":true,"href":"https:\/\/editorabelieve.com.br\/index.php\/wp-json\/wp\/v2\/product_brand?post=1632"},{"taxonomy":"product_cat","embeddable":true,"href":"https:\/\/editorabelieve.com.br\/index.php\/wp-json\/wp\/v2\/product_cat?post=1632"},{"taxonomy":"product_tag","embeddable":true,"href":"https:\/\/editorabelieve.com.br\/index.php\/wp-json\/wp\/v2\/product_tag?post=1632"}],"curies":[{"name":"wp","href":"https:\/\/api.w.org\/{rel}","templated":true}]}}