{"id":1631,"date":"2024-02-25T18:58:55","date_gmt":"2024-02-25T21:58:55","guid":{"rendered":"https:\/\/editorabelieve.com.br\/?post_type=product&#038;p=1631"},"modified":"2024-04-14T16:11:18","modified_gmt":"2024-04-14T19:11:18","slug":"introducao-ao-estudo-da-teologia-crista","status":"publish","type":"product","link":"https:\/\/editorabelieve.com.br\/index.php\/produto\/introducao-ao-estudo-da-teologia-crista\/","title":{"rendered":"Introdu\u00e7\u00e3o ao estudo da teologia\u00a0crist\u00e3"},"content":{"rendered":"","protected":false},"excerpt":{"rendered":"<p><strong>Introdu\u00e7\u00e3o ao estudo da teologia crist\u00e3<\/strong><br \/>\nAutor: Josivaldo Santos<br \/>\nP\u00e1ginas: 168<br \/>\nISBN: 9786500817980<\/p>\n<p>Atualmente alguns te\u00f3logos tem desenvolvido opini\u00f5es e defini\u00e7\u00f5es que vem melhorando o sentido e significado de teologia. Neste livro iremos desdobrar e desenvolver o estudo deste tema pertinente para todo aquele que quer se aprofundar no conhecimento do Deus\u00a0 que criou os c\u00e9us e a terra.<\/p>\n<p>&nbsp;<\/p>\n","protected":false},"featured_media":1652,"comment_status":"open","ping_status":"closed","template":"","meta":{"om_disable_all_campaigns":false,"_monsterinsights_skip_tracking":false,"_monsterinsights_sitenote_active":false,"_monsterinsights_sitenote_note":"","_monsterinsights_sitenote_category":0,"_kadence_starter_templates_imported_post":false,"_kad_post_transparent":"default","_kad_post_title":"","_kad_post_layout":"default","_kad_post_sidebar_id":"","_kad_post_content_style":"default","_kad_post_vertical_padding":"default","_kad_post_feature":"","_kad_post_feature_position":"","_kad_post_header":false,"_kad_post_footer":false,"_kad_post_classname":""},"product_brand":[],"product_cat":[20],"product_tag":[],"class_list":{"0":"post-1631","1":"product","2":"type-product","3":"status-publish","4":"has-post-thumbnail","6":"product_cat-livros","8":"first","9":"instock","10":"shipping-taxable","11":"purchasable","12":"product-type-simple","13":"entry","14":"content-bg","15":"loop-entry"},"aioseo_notices":[],"_links":{"self":[{"href":"https:\/\/editorabelieve.com.br\/index.php\/wp-json\/wp\/v2\/product\/1631","targetHints":{"allow":["GET"]}}],"collection":[{"href":"https:\/\/editorabelieve.com.br\/index.php\/wp-json\/wp\/v2\/product"}],"about":[{"href":"https:\/\/editorabelieve.com.br\/index.php\/wp-json\/wp\/v2\/types\/product"}],"replies":[{"embeddable":true,"href":"https:\/\/editorabelieve.com.br\/index.php\/wp-json\/wp\/v2\/comments?post=1631"}],"wp:featuredmedia":[{"embeddable":true,"href":"https:\/\/editorabelieve.com.br\/index.php\/wp-json\/wp\/v2\/media\/1652"}],"wp:attachment":[{"href":"https:\/\/editorabelieve.com.br\/index.php\/wp-json\/wp\/v2\/media?parent=1631"}],"wp:term":[{"taxonomy":"product_brand","embeddable":true,"href":"https:\/\/editorabelieve.com.br\/index.php\/wp-json\/wp\/v2\/product_brand?post=1631"},{"taxonomy":"product_cat","embeddable":true,"href":"https:\/\/editorabelieve.com.br\/index.php\/wp-json\/wp\/v2\/product_cat?post=1631"},{"taxonomy":"product_tag","embeddable":true,"href":"https:\/\/editorabelieve.com.br\/index.php\/wp-json\/wp\/v2\/product_tag?post=1631"}],"curies":[{"name":"wp","href":"https:\/\/api.w.org\/{rel}","templated":true}]}}