{"id":1628,"date":"2024-02-25T18:25:49","date_gmt":"2024-02-25T21:25:49","guid":{"rendered":"https:\/\/editorabelieve.com.br\/?post_type=product&#038;p=1628"},"modified":"2024-02-25T18:25:49","modified_gmt":"2024-02-25T21:25:49","slug":"profetas-menores-uma-visao-panoramica","status":"publish","type":"product","link":"https:\/\/editorabelieve.com.br\/index.php\/produto\/profetas-menores-uma-visao-panoramica\/","title":{"rendered":"Profetas Menores &#8211; Uma vis\u00e3o panor\u00e2mica"},"content":{"rendered":"","protected":false},"excerpt":{"rendered":"<p><strong>Profetas Menores &#8211; Uma vis\u00e3o panor\u00e2mica<br \/>\n<\/strong>Autor: Andr\u00e9 Lyra<br \/>\nP\u00e1ginas: 100<br \/>\nISBN: 976500729474<br \/>\nEsse livro resultado de estudos ministrados nas igrejas que ministrei e ministro sobre esse tema, por isso, cada vers\u00edculo deve ser consultado pelo estudante para haja um real aproveitamento, assim como, uma boa reflex\u00e3o e medita\u00e7\u00e3o sobre cada profeta, que de pequeno n\u00e3o tiveram nada. E por qu\u00ea? Porque profetizaram em meio um ambiente intensamente corrupto, id\u00f3latra e perante um povo que j\u00e1 n\u00e3o mais conhecia a Senhor seu Deus e nem suas Santas Leis registrada para que o povo nelas andassem. N\u00e3o faremos uma an\u00e1lise minuciosa de vers\u00edculo por vers\u00edculo, mas pontuar os que s\u00e3o mais importantes para nossa reflex\u00e3o teol\u00f3gica da rela\u00e7\u00e3o do Senhor com o povo que Ele escolheu. Bom ser\u00e1 para n\u00f3s observarmos os erros que os homens da antiguidade cometeram para evit\u00e1-los, pois, somos iguais a eles, embora numa nova e poderosa Alian\u00e7a, mas o poder do pecado \u00e9 o mesmo, assim como as fraquezas da humanidade.<br \/>\nEspero que voc\u00ea tome o gosto pela leitura e estudo das Escrituras para seu pr\u00f3prio proveito, crescimento e edifica\u00e7\u00e3o espiritual \u2013 a inquiri\u00e7\u00e3o das Escrituras \u00e9 o meio mais eficaz para desenvolver-se. Ao nosso Deus toda honra, gl\u00f3ria e louvor hoje e sempre!<\/p>\n","protected":false},"featured_media":1626,"comment_status":"open","ping_status":"closed","template":"","meta":{"om_disable_all_campaigns":false,"_monsterinsights_skip_tracking":false,"_monsterinsights_sitenote_active":false,"_monsterinsights_sitenote_note":"","_monsterinsights_sitenote_category":0,"_kadence_starter_templates_imported_post":false,"_kad_post_transparent":"default","_kad_post_title":"","_kad_post_layout":"default","_kad_post_sidebar_id":"","_kad_post_content_style":"default","_kad_post_vertical_padding":"default","_kad_post_feature":"","_kad_post_feature_position":"","_kad_post_header":false,"_kad_post_footer":false,"_kad_post_classname":""},"product_brand":[],"product_cat":[15],"product_tag":[],"class_list":{"0":"post-1628","1":"product","2":"type-product","3":"status-publish","4":"has-post-thumbnail","6":"product_cat-case","8":"first","9":"instock","10":"shipping-taxable","11":"purchasable","12":"product-type-simple","13":"entry","14":"content-bg","15":"loop-entry"},"aioseo_notices":[],"_links":{"self":[{"href":"https:\/\/editorabelieve.com.br\/index.php\/wp-json\/wp\/v2\/product\/1628","targetHints":{"allow":["GET"]}}],"collection":[{"href":"https:\/\/editorabelieve.com.br\/index.php\/wp-json\/wp\/v2\/product"}],"about":[{"href":"https:\/\/editorabelieve.com.br\/index.php\/wp-json\/wp\/v2\/types\/product"}],"replies":[{"embeddable":true,"href":"https:\/\/editorabelieve.com.br\/index.php\/wp-json\/wp\/v2\/comments?post=1628"}],"wp:featuredmedia":[{"embeddable":true,"href":"https:\/\/editorabelieve.com.br\/index.php\/wp-json\/wp\/v2\/media\/1626"}],"wp:attachment":[{"href":"https:\/\/editorabelieve.com.br\/index.php\/wp-json\/wp\/v2\/media?parent=1628"}],"wp:term":[{"taxonomy":"product_brand","embeddable":true,"href":"https:\/\/editorabelieve.com.br\/index.php\/wp-json\/wp\/v2\/product_brand?post=1628"},{"taxonomy":"product_cat","embeddable":true,"href":"https:\/\/editorabelieve.com.br\/index.php\/wp-json\/wp\/v2\/product_cat?post=1628"},{"taxonomy":"product_tag","embeddable":true,"href":"https:\/\/editorabelieve.com.br\/index.php\/wp-json\/wp\/v2\/product_tag?post=1628"}],"curies":[{"name":"wp","href":"https:\/\/api.w.org\/{rel}","templated":true}]}}