{"id":1581,"date":"2022-06-06T19:17:28","date_gmt":"2022-06-06T22:17:28","guid":{"rendered":"https:\/\/editorabelieve.com.br\/?post_type=product&#038;p=1581"},"modified":"2024-09-17T11:46:10","modified_gmt":"2024-09-17T14:46:10","slug":"unidade-e-comunhao","status":"publish","type":"product","link":"https:\/\/editorabelieve.com.br\/index.php\/produto\/unidade-e-comunhao\/","title":{"rendered":"Unidade e Comunh\u00e3o"},"content":{"rendered":"","protected":false},"excerpt":{"rendered":"<h6><b>Unidade e Comunh\u00e3o <\/b><\/h6>\n<h6>Autor: Andr\u00e9 Lyra<br \/>\n68 p\u00e1ginas<\/h6>\n<h6>A unidade da Igreja de Jesus Cristo \u00e9 um milagre operado pelo Esp\u00edrito Santo, na verdade, \u00e9 Ele que une os indiv\u00edduos em torno da obra salvadora realizada na cruz pelo Senhor, essa unidade \u00e9 junto com Seu corpo, a igreja, que acolhe todos quantos s\u00e3o tirados do fora do mundo para formar \u00e0 fam\u00edlia de Deus em amor.<\/h6>\n","protected":false},"featured_media":1661,"comment_status":"open","ping_status":"closed","template":"","meta":{"om_disable_all_campaigns":false,"_monsterinsights_skip_tracking":false,"_monsterinsights_sitenote_active":false,"_monsterinsights_sitenote_note":"","_monsterinsights_sitenote_category":0,"_kadence_starter_templates_imported_post":false,"_kad_post_transparent":"default","_kad_post_title":"","_kad_post_layout":"default","_kad_post_sidebar_id":"","_kad_post_content_style":"default","_kad_post_vertical_padding":"default","_kad_post_feature":"","_kad_post_feature_position":"","_kad_post_header":false,"_kad_post_footer":false,"_kad_post_classname":""},"product_brand":[],"product_cat":[20],"product_tag":[],"class_list":{"0":"post-1581","1":"product","2":"type-product","3":"status-publish","4":"has-post-thumbnail","6":"product_cat-livros","8":"first","9":"instock","10":"shipping-taxable","11":"purchasable","12":"product-type-simple","13":"entry","14":"content-bg","15":"loop-entry"},"aioseo_notices":[],"_links":{"self":[{"href":"https:\/\/editorabelieve.com.br\/index.php\/wp-json\/wp\/v2\/product\/1581","targetHints":{"allow":["GET"]}}],"collection":[{"href":"https:\/\/editorabelieve.com.br\/index.php\/wp-json\/wp\/v2\/product"}],"about":[{"href":"https:\/\/editorabelieve.com.br\/index.php\/wp-json\/wp\/v2\/types\/product"}],"replies":[{"embeddable":true,"href":"https:\/\/editorabelieve.com.br\/index.php\/wp-json\/wp\/v2\/comments?post=1581"}],"wp:featuredmedia":[{"embeddable":true,"href":"https:\/\/editorabelieve.com.br\/index.php\/wp-json\/wp\/v2\/media\/1661"}],"wp:attachment":[{"href":"https:\/\/editorabelieve.com.br\/index.php\/wp-json\/wp\/v2\/media?parent=1581"}],"wp:term":[{"taxonomy":"product_brand","embeddable":true,"href":"https:\/\/editorabelieve.com.br\/index.php\/wp-json\/wp\/v2\/product_brand?post=1581"},{"taxonomy":"product_cat","embeddable":true,"href":"https:\/\/editorabelieve.com.br\/index.php\/wp-json\/wp\/v2\/product_cat?post=1581"},{"taxonomy":"product_tag","embeddable":true,"href":"https:\/\/editorabelieve.com.br\/index.php\/wp-json\/wp\/v2\/product_tag?post=1581"}],"curies":[{"name":"wp","href":"https:\/\/api.w.org\/{rel}","templated":true}]}}