{"id":1576,"date":"2022-06-06T19:05:09","date_gmt":"2022-06-06T22:05:09","guid":{"rendered":"https:\/\/editorabelieve.com.br\/?post_type=product&#038;p=1576"},"modified":"2022-06-06T19:26:07","modified_gmt":"2022-06-06T22:26:07","slug":"por-que-religiosos-partem-sem-deixar-saudades","status":"publish","type":"product","link":"https:\/\/editorabelieve.com.br\/index.php\/produto\/por-que-religiosos-partem-sem-deixar-saudades\/","title":{"rendered":"Por que Religiosos Partem Sem Deixar Saudades?"},"content":{"rendered":"","protected":false},"excerpt":{"rendered":"<h6><b>Por que Religiosos Partem Sem Deixar Saudades?<\/b><\/h6>\n<h6>Autor: Andr\u00e9 Lyra<br \/>\n164 p\u00e1ginas<\/h6>\n<h6>Essa obra visa \u00e0 compara\u00e7\u00e3o de alguns personagens b\u00edblicos que em vida tiveram atitudes m\u00e1s, c\u00ednicas, interesseiras e perversas, tais como: cometer homic\u00eddio, desobedecer conscientemente ao Senhor, cobi\u00e7ar as coisas do seu pr\u00f3ximo, desdenhar de seus semelhantes. Enfim, a\u00e7\u00f5es desprez\u00edveis que, entre tantas outras comuns, as pessoas imaturas costumam ter. O pior disso \u00e9 que os tais tinham conhecimento de Deus, eram religiosos, e quer \u00ednfimo, ou quer substancial, n\u00e3o foi suficiente para que agissem de acordo com o que Deus estabelece como justo, santo e verdadeiro.<\/h6>\n","protected":false},"featured_media":1580,"comment_status":"open","ping_status":"closed","template":"","meta":{"om_disable_all_campaigns":false,"_monsterinsights_skip_tracking":false,"_monsterinsights_sitenote_active":false,"_monsterinsights_sitenote_note":"","_monsterinsights_sitenote_category":0,"_kadence_starter_templates_imported_post":false,"_kad_post_transparent":"default","_kad_post_title":"","_kad_post_layout":"default","_kad_post_sidebar_id":"","_kad_post_content_style":"default","_kad_post_vertical_padding":"default","_kad_post_feature":"","_kad_post_feature_position":"","_kad_post_header":false,"_kad_post_footer":false,"_kad_post_classname":""},"product_brand":[],"product_cat":[20],"product_tag":[],"class_list":{"0":"post-1576","1":"product","2":"type-product","3":"status-publish","4":"has-post-thumbnail","6":"product_cat-livros","8":"first","9":"instock","10":"shipping-taxable","11":"purchasable","12":"product-type-simple","13":"entry","14":"content-bg","15":"loop-entry"},"aioseo_notices":[],"_links":{"self":[{"href":"https:\/\/editorabelieve.com.br\/index.php\/wp-json\/wp\/v2\/product\/1576","targetHints":{"allow":["GET"]}}],"collection":[{"href":"https:\/\/editorabelieve.com.br\/index.php\/wp-json\/wp\/v2\/product"}],"about":[{"href":"https:\/\/editorabelieve.com.br\/index.php\/wp-json\/wp\/v2\/types\/product"}],"replies":[{"embeddable":true,"href":"https:\/\/editorabelieve.com.br\/index.php\/wp-json\/wp\/v2\/comments?post=1576"}],"wp:featuredmedia":[{"embeddable":true,"href":"https:\/\/editorabelieve.com.br\/index.php\/wp-json\/wp\/v2\/media\/1580"}],"wp:attachment":[{"href":"https:\/\/editorabelieve.com.br\/index.php\/wp-json\/wp\/v2\/media?parent=1576"}],"wp:term":[{"taxonomy":"product_brand","embeddable":true,"href":"https:\/\/editorabelieve.com.br\/index.php\/wp-json\/wp\/v2\/product_brand?post=1576"},{"taxonomy":"product_cat","embeddable":true,"href":"https:\/\/editorabelieve.com.br\/index.php\/wp-json\/wp\/v2\/product_cat?post=1576"},{"taxonomy":"product_tag","embeddable":true,"href":"https:\/\/editorabelieve.com.br\/index.php\/wp-json\/wp\/v2\/product_tag?post=1576"}],"curies":[{"name":"wp","href":"https:\/\/api.w.org\/{rel}","templated":true}]}}