{"id":1574,"date":"2022-06-06T18:49:56","date_gmt":"2022-06-06T21:49:56","guid":{"rendered":"https:\/\/editorabelieve.com.br\/?post_type=product&#038;p=1574"},"modified":"2024-10-03T15:09:19","modified_gmt":"2024-10-03T18:09:19","slug":"mexeriqueiros-nao-amam","status":"publish","type":"product","link":"https:\/\/editorabelieve.com.br\/index.php\/produto\/mexeriqueiros-nao-amam\/","title":{"rendered":"Mexeriqueiros N\u00e3o Amam"},"content":{"rendered":"","protected":false},"excerpt":{"rendered":"<h6><b>Mexeriqueiros n\u00e3o Amam<\/b><\/h6>\n<h6><span style=\"font-family: var(--global-body-font-family);\">Autor: Andr\u00e9 Lyra<br \/>\n<\/span>100 p\u00e1ginas<\/h6>\n<h6><span style=\"font-family: var(--global-body-font-family);\">N\u00f3s que cremos na possibilidade do aumento do amor que nos foi ordenado por Jesus, temos o amo como a base rela\u00e7\u00e3o na comunidade crist\u00e3, e no mundo. Mas o que tem tudo isso com o mexeriqueiro? Bom, o mexeriqueiro \u00e9 um elemento de dissolu\u00e7\u00e3o em nossa comunh\u00e3o, e, muitas vezes, \u00e9 um mentiroso inveterado que destr\u00f3i \u00e0 rela\u00e7\u00e3o de amor entre os irm\u00e3os. E como? Mediante intrigas covardes. Leia e reflita no que essa obra pequena, mas n\u00e3o desprez\u00edvel, tem a falar para que o seu horizonte de percep\u00e7\u00e3o seja agu\u00e7ado contra os maledicentes, que s\u00e3o cheios de pe\u00e7onha contra os filhos que Deus comprou. Os mexeriqueiros s\u00e3o pessoas perigosas no meio dos santos, e voc\u00ea saber\u00e1 o porqu\u00ea. <\/span><i style=\"font-family: var(--global-body-font-family);\">\u201cUma mentira d\u00e1 uma volta inteira ao mundo antes mesmo de a verdade ter oportunidade de se vestir.\u201d<\/i><span style=\"font-family: var(--global-body-font-family);\"> Winston Churchill,<\/span><\/h6>\n<h6><\/h6>\n","protected":false},"featured_media":1575,"comment_status":"open","ping_status":"closed","template":"","meta":{"om_disable_all_campaigns":false,"_monsterinsights_skip_tracking":false,"_monsterinsights_sitenote_active":false,"_monsterinsights_sitenote_note":"","_monsterinsights_sitenote_category":0,"_kadence_starter_templates_imported_post":false,"_kad_post_transparent":"default","_kad_post_title":"","_kad_post_layout":"default","_kad_post_sidebar_id":"","_kad_post_content_style":"default","_kad_post_vertical_padding":"default","_kad_post_feature":"","_kad_post_feature_position":"","_kad_post_header":false,"_kad_post_footer":false,"_kad_post_classname":""},"product_brand":[],"product_cat":[20],"product_tag":[],"class_list":{"0":"post-1574","1":"product","2":"type-product","3":"status-publish","4":"has-post-thumbnail","6":"product_cat-livros","8":"first","9":"instock","10":"shipping-taxable","11":"purchasable","12":"product-type-simple","13":"entry","14":"content-bg","15":"loop-entry"},"aioseo_notices":[],"_links":{"self":[{"href":"https:\/\/editorabelieve.com.br\/index.php\/wp-json\/wp\/v2\/product\/1574","targetHints":{"allow":["GET"]}}],"collection":[{"href":"https:\/\/editorabelieve.com.br\/index.php\/wp-json\/wp\/v2\/product"}],"about":[{"href":"https:\/\/editorabelieve.com.br\/index.php\/wp-json\/wp\/v2\/types\/product"}],"replies":[{"embeddable":true,"href":"https:\/\/editorabelieve.com.br\/index.php\/wp-json\/wp\/v2\/comments?post=1574"}],"wp:featuredmedia":[{"embeddable":true,"href":"https:\/\/editorabelieve.com.br\/index.php\/wp-json\/wp\/v2\/media\/1575"}],"wp:attachment":[{"href":"https:\/\/editorabelieve.com.br\/index.php\/wp-json\/wp\/v2\/media?parent=1574"}],"wp:term":[{"taxonomy":"product_brand","embeddable":true,"href":"https:\/\/editorabelieve.com.br\/index.php\/wp-json\/wp\/v2\/product_brand?post=1574"},{"taxonomy":"product_cat","embeddable":true,"href":"https:\/\/editorabelieve.com.br\/index.php\/wp-json\/wp\/v2\/product_cat?post=1574"},{"taxonomy":"product_tag","embeddable":true,"href":"https:\/\/editorabelieve.com.br\/index.php\/wp-json\/wp\/v2\/product_tag?post=1574"}],"curies":[{"name":"wp","href":"https:\/\/api.w.org\/{rel}","templated":true}]}}