{"id":1565,"date":"2022-05-29T15:48:45","date_gmt":"2022-05-29T18:48:45","guid":{"rendered":"https:\/\/editorabelieve.com.br\/?post_type=product&#038;p=1565"},"modified":"2024-02-25T17:16:36","modified_gmt":"2024-02-25T20:16:36","slug":"da-existencia-terrena-a-espiritual-lancamento","status":"publish","type":"product","link":"https:\/\/editorabelieve.com.br\/index.php\/produto\/da-existencia-terrena-a-espiritual-lancamento\/","title":{"rendered":"Da Exist\u00eancia Terrena \u00e0 Espiritual"},"content":{"rendered":"","protected":false},"excerpt":{"rendered":"<h6><b>Livro: Da Exist\u00eancia Terrena \u00e0 Espiritual<\/b><\/h6>\n<h6>Autor: Andr\u00e9 Lyra<\/h6>\n<h6>84 p\u00e1ginas<\/h6>\n<h6>\u00c9 um assunto relevante por nos dar um senso de brevidade diante do oceano infinito que nos espera, a eternidade, que \u00e9 a realidade \u00faltima dos salvos em Cristo Jesus. Todos os homens est\u00e3o, inexoravelmente, indo e caminhando para a eternidade.\u00a0 A morte n\u00e3o destr\u00f3i o ser, n\u00e3o pode destru\u00ed-lo em virtude de suas partes mais nobres sobreviverem: a alma e o esp\u00edrito. Morrendo o corpo, sobrevive a alma \u00e0 sepultura. Deus a fez imortal, a fez para Sua gl\u00f3ria e fim \u00faltimo.<\/h6>\n","protected":false},"featured_media":1570,"comment_status":"open","ping_status":"closed","template":"","meta":{"om_disable_all_campaigns":false,"_monsterinsights_skip_tracking":false,"_monsterinsights_sitenote_active":false,"_monsterinsights_sitenote_note":"","_monsterinsights_sitenote_category":0,"_kadence_starter_templates_imported_post":false,"_kad_post_transparent":"default","_kad_post_title":"","_kad_post_layout":"default","_kad_post_sidebar_id":"","_kad_post_content_style":"default","_kad_post_vertical_padding":"default","_kad_post_feature":"","_kad_post_feature_position":"","_kad_post_header":false,"_kad_post_footer":false,"_kad_post_classname":""},"product_brand":[],"product_cat":[20],"product_tag":[],"class_list":{"0":"post-1565","1":"product","2":"type-product","3":"status-publish","4":"has-post-thumbnail","6":"product_cat-livros","8":"first","9":"instock","10":"shipping-taxable","11":"purchasable","12":"product-type-simple","13":"entry","14":"content-bg","15":"loop-entry"},"aioseo_notices":[],"_links":{"self":[{"href":"https:\/\/editorabelieve.com.br\/index.php\/wp-json\/wp\/v2\/product\/1565","targetHints":{"allow":["GET"]}}],"collection":[{"href":"https:\/\/editorabelieve.com.br\/index.php\/wp-json\/wp\/v2\/product"}],"about":[{"href":"https:\/\/editorabelieve.com.br\/index.php\/wp-json\/wp\/v2\/types\/product"}],"replies":[{"embeddable":true,"href":"https:\/\/editorabelieve.com.br\/index.php\/wp-json\/wp\/v2\/comments?post=1565"}],"wp:featuredmedia":[{"embeddable":true,"href":"https:\/\/editorabelieve.com.br\/index.php\/wp-json\/wp\/v2\/media\/1570"}],"wp:attachment":[{"href":"https:\/\/editorabelieve.com.br\/index.php\/wp-json\/wp\/v2\/media?parent=1565"}],"wp:term":[{"taxonomy":"product_brand","embeddable":true,"href":"https:\/\/editorabelieve.com.br\/index.php\/wp-json\/wp\/v2\/product_brand?post=1565"},{"taxonomy":"product_cat","embeddable":true,"href":"https:\/\/editorabelieve.com.br\/index.php\/wp-json\/wp\/v2\/product_cat?post=1565"},{"taxonomy":"product_tag","embeddable":true,"href":"https:\/\/editorabelieve.com.br\/index.php\/wp-json\/wp\/v2\/product_tag?post=1565"}],"curies":[{"name":"wp","href":"https:\/\/api.w.org\/{rel}","templated":true}]}}