{"id":12,"date":"2021-07-28T23:56:01","date_gmt":"2021-07-29T02:56:01","guid":{"rendered":"http:\/\/editorabelieve.com.br\/?page_id=12"},"modified":"2021-07-29T00:02:23","modified_gmt":"2021-07-29T03:02:23","slug":"manutencao","status":"publish","type":"page","link":"https:\/\/editorabelieve.com.br\/index.php\/manutencao\/","title":{"rendered":"Manuten\u00e7\u00e3o"},"content":{"rendered":"\t\t<div data-elementor-type=\"wp-page\" data-elementor-id=\"12\" class=\"elementor elementor-12\" data-elementor-post-type=\"page\">\n\t\t\t\t\t\t<section class=\"elementor-section elementor-top-section elementor-element elementor-element-f85f1d3 elementor-section-boxed elementor-section-height-default elementor-section-height-default\" data-id=\"f85f1d3\" data-element_type=\"section\" data-e-type=\"section\">\n\t\t\t\t\t\t<div class=\"elementor-container elementor-column-gap-default\">\n\t\t\t\t\t<div class=\"elementor-column elementor-col-100 elementor-top-column elementor-element elementor-element-57aad95\" data-id=\"57aad95\" data-element_type=\"column\" data-e-type=\"column\">\n\t\t\t<div class=\"elementor-widget-wrap elementor-element-populated\">\n\t\t\t\t\t\t<div class=\"elementor-element elementor-element-bce8822 elementor-widget elementor-widget-image\" data-id=\"bce8822\" data-element_type=\"widget\" data-e-type=\"widget\" data-widget_type=\"image.default\">\n\t\t\t\t<div class=\"elementor-widget-container\">\n\t\t\t\t\t\t\t\t\t\t\t\t\t\t\t<img fetchpriority=\"high\" decoding=\"async\" width=\"714\" height=\"461\" src=\"https:\/\/editorabelieve.com.br\/wp-content\/uploads\/2021\/07\/pagina-em-construcao-manutencao.png\" class=\"attachment-large size-large wp-image-15\" alt=\"p\u00e1gina em manuten\u00e7\u00e3o\" srcset=\"https:\/\/editorabelieve.com.br\/wp-content\/uploads\/2021\/07\/pagina-em-construcao-manutencao.png 714w, https:\/\/editorabelieve.com.br\/wp-content\/uploads\/2021\/07\/pagina-em-construcao-manutencao-700x452.png 700w, https:\/\/editorabelieve.com.br\/wp-content\/uploads\/2021\/07\/pagina-em-construcao-manutencao-300x194.png 300w\" sizes=\"(max-width: 714px) 100vw, 714px\" \/>\t\t\t\t\t\t\t\t\t\t\t\t\t\t\t<\/div>\n\t\t\t\t<\/div>\n\t\t\t\t\t<\/div>\n\t\t<\/div>\n\t\t\t\t\t<\/div>\n\t\t<\/section>\n\t\t\t\t<\/div>\n\t\t","protected":false},"excerpt":{"rendered":"","protected":false},"author":1,"featured_media":0,"parent":0,"menu_order":0,"comment_status":"closed","ping_status":"closed","template":"elementor_canvas","meta":{"om_disable_all_campaigns":false,"_monsterinsights_skip_tracking":false,"_monsterinsights_sitenote_active":false,"_monsterinsights_sitenote_note":"","_monsterinsights_sitenote_category":0,"_kadence_starter_templates_imported_post":false,"_kad_post_transparent":"","_kad_post_title":"","_kad_post_layout":"","_kad_post_sidebar_id":"","_kad_post_content_style":"","_kad_post_vertical_padding":"","_kad_post_feature":"","_kad_post_feature_position":"","_kad_post_header":false,"_kad_post_footer":false,"_kad_post_classname":"","footnotes":""},"class_list":["post-12","page","type-page","status-publish","hentry"],"aioseo_notices":[],"_hostinger_reach_plugin_has_subscription_block":false,"_hostinger_reach_plugin_is_elementor":false,"_links":{"self":[{"href":"https:\/\/editorabelieve.com.br\/index.php\/wp-json\/wp\/v2\/pages\/12","targetHints":{"allow":["GET"]}}],"collection":[{"href":"https:\/\/editorabelieve.com.br\/index.php\/wp-json\/wp\/v2\/pages"}],"about":[{"href":"https:\/\/editorabelieve.com.br\/index.php\/wp-json\/wp\/v2\/types\/page"}],"author":[{"embeddable":true,"href":"https:\/\/editorabelieve.com.br\/index.php\/wp-json\/wp\/v2\/users\/1"}],"replies":[{"embeddable":true,"href":"https:\/\/editorabelieve.com.br\/index.php\/wp-json\/wp\/v2\/comments?post=12"}],"version-history":[{"count":7,"href":"https:\/\/editorabelieve.com.br\/index.php\/wp-json\/wp\/v2\/pages\/12\/revisions"}],"predecessor-version":[{"id":21,"href":"https:\/\/editorabelieve.com.br\/index.php\/wp-json\/wp\/v2\/pages\/12\/revisions\/21"}],"wp:attachment":[{"href":"https:\/\/editorabelieve.com.br\/index.php\/wp-json\/wp\/v2\/media?parent=12"}],"curies":[{"name":"wp","href":"https:\/\/api.w.org\/{rel}","templated":true}]}}